{"id":33,"date":"2024-06-02T22:09:44","date_gmt":"2024-06-02T20:09:44","guid":{"rendered":"https:\/\/gigifox.be\/?page_id=33"},"modified":"2024-08-05T13:21:44","modified_gmt":"2024-08-05T11:21:44","slug":"qui-suis-je","status":"publish","type":"page","link":"https:\/\/gigifox.be\/index.php\/qui-suis-je\/","title":{"rendered":"Qui suis-je ?"},"content":{"rendered":"\n<p>Bonjour \u00e0 vous ! Je m\u2019appelle Meghann mais tous le monde \u00e0 l&rsquo;habitude de m&rsquo;appeler Megh ou encore Gigi.<br>Depuis toute petite, j&rsquo;adore partir \u00e0 l&rsquo;aventure et explorer le monde. Je me rappelle encore les yeux \u00e9merveill\u00e9s les trips entre amies, amis ainsi que mes premi\u00e8res d\u00e9couvertes de voyage solo durant la fin de mon adolescence.<\/p>\n\n\n\n<p>N\u00e9e dans le d\u00e9but des ann\u00e9es 90, j&rsquo;ai toujours eu la bougeotte et une passion pour les trains et les avions. Mon p\u00e8re m\u2019emmenait r\u00e9guli\u00e8rement sur les rails de la SNCB d\u00e9couvrir de joli paysage, on avait encore l&rsquo;opportunit\u00e9 \u00e0 cette \u00e9poque de pouvoir voyager assez facilement dans la locomotive avec le conducteur du train sur une simple demande et un grand sourire.<\/p>\n\n\n\n<p>Je poss\u00e8de un bachelor degrees en informatique syst\u00e8me et r\u00e9seau et je travaille depuis plus de 10 ans comme ing\u00e9nieur syst\u00e8me. A cot\u00e9 de \u00e7a j&rsquo;ai mont\u00e9 mon entreprise freelance de production audio visuelle avec laquelle je produis du divertissement adulte depuis quelques ann\u00e9es \ud83d\ude09<\/p>\n\n\n\n<p>Punk \u00e0 chien dans l&rsquo;\u00e2me, j&rsquo;adore les looks atypique et assum\u00e9, je suis fan de piercing, j\u2019adore faire la f\u00eate, les craft beer, la bonne bouffe et rencontrer des gens de cultures et horizon diff\u00e9rent. <\/p>\n\n\n\n<p>En couple polyamoureux avec un homme merveilleux et une femme magnifique, je parcourt la plan\u00e8te en couple, avec des amis ou solo. Pour le moment j&rsquo;ai visit\u00e9 une quarantaine de pays et plus de 450 villes \u00e0 travers le monde<\/p>\n\n\n\n<p>R\u00e9alisation en cours de ma licence de pilote priv\u00e9 d&rsquo;avion, je souhaite ensuite passer mon permis bateau et ma licence de plong\u00e9e (Un tout grand merci \u00e0 ma femme ch\u00e9rie pour la d\u00e9couverte et l\u2019initiation \u00e0 cette merveilleuse discipline). <\/p>\n\n\n\n<p>Je souhaite parcourir le monde et arr\u00eater progressivement l&rsquo;informatique afin de vivre de ma passion du voyage, que \u00e7a soit \u00e0 travers le reportage, la photgraphie, la vid\u00e9o, l&rsquo;\u00e9criture, la r\u00e9alisation de documentaire ou encore l&rsquo;organisation de d\u00e9couverte aventure pour des petits groupes de voyageurs qui veulent s&rsquo;initier \u00e0 cette magnifique passion, sans oser faire le grand pas solo<\/p>\n","protected":false},"excerpt":{"rendered":"<p>Bonjour \u00e0 vous ! Je m\u2019appelle Meghann mais tous le monde \u00e0 l&rsquo;habitude de m&rsquo;appeler Megh ou encore Gigi.Depuis toute<\/p>\n<p><a href=\"https:\/\/gigifox.be\/index.php\/qui-suis-je\/\" class=\"more-link\">Continue reading<span class=\"screen-reader-text\">Qui suis-je ?<\/span><\/a><\/p>\n","protected":false},"author":1,"featured_media":0,"parent":0,"menu_order":0,"comment_status":"closed","ping_status":"closed","template":"","meta":{"footnotes":""},"class_list":["post-33","page","type-page","status-publish","hentry"],"_links":{"self":[{"href":"https:\/\/gigifox.be\/index.php\/wp-json\/wp\/v2\/pages\/33","targetHints":{"allow":["GET"]}}],"collection":[{"href":"https:\/\/gigifox.be\/index.php\/wp-json\/wp\/v2\/pages"}],"about":[{"href":"https:\/\/gigifox.be\/index.php\/wp-json\/wp\/v2\/types\/page"}],"author":[{"embeddable":true,"href":"https:\/\/gigifox.be\/index.php\/wp-json\/wp\/v2\/users\/1"}],"replies":[{"embeddable":true,"href":"https:\/\/gigifox.be\/index.php\/wp-json\/wp\/v2\/comments?post=33"}],"version-history":[{"count":5,"href":"https:\/\/gigifox.be\/index.php\/wp-json\/wp\/v2\/pages\/33\/revisions"}],"predecessor-version":[{"id":224,"href":"https:\/\/gigifox.be\/index.php\/wp-json\/wp\/v2\/pages\/33\/revisions\/224"}],"wp:attachment":[{"href":"https:\/\/gigifox.be\/index.php\/wp-json\/wp\/v2\/media?parent=33"}],"curies":[{"name":"wp","href":"https:\/\/api.w.org\/{rel}","templated":true}]}}